{"id":13,"date":"2015-12-16T09:21:31","date_gmt":"2015-12-16T06:21:31","guid":{"rendered":"http:\/\/rozumsoft.dev\/?page_id=13"},"modified":"2022-07-05T17:19:12","modified_gmt":"2022-07-05T14:19:12","slug":"about-us","status":"publish","type":"page","link":"https:\/\/www.rozumsoft.com\/fr\/","title":{"rendered":"Qui sommes-nous?"},"content":{"rendered":"<p><strong>RozumSoft<\/strong> est l&rsquo;un des principaux prestataires de services de conseil informatique et de d\u00e9veloppement de logiciel sur mesure adapt\u00e9 aux besoins de nos clients. Depuis 2007, la soci\u00e9t\u00e9 est pr\u00e9sente sur le march\u00e9 et compte plus de 50 clients dans le monde entier, dont des entreprises telles que Volvo, QIWI, EMS Poste Russie, Alpha Bank, Beeline, FC BATE, et d&rsquo;autres.<\/p>\n<p>La soci\u00e9t\u00e9 compte plus de 100 projets achev\u00e9s avec succ\u00e8s utilisant de nombreuses technologies dans tous les secteurs industriels. Notre objectif est la qualit\u00e9 des services et le partenariat \u00e0 long terme avec nos clients. Nous proposons des solutions accessibles, dynamiques et professionnelles pour aider les clients \u00e0 atteindre leurs objectifs.<\/p>\n<p><strong>Les principaux domaines<\/strong>\u00a0sont l&rsquo;infog\u00e9rance, le d\u00e9veloppement de logiciels, le d\u00e9veloppement Web (de toute complexit\u00e9), le d\u00e9veloppement d&rsquo;applications mobiles, le logiciel de centre d&rsquo;appels, le conseil informatique, le test de logiciels ainsi que le support.<\/p>","protected":false},"excerpt":{"rendered":"<p>RozumSoft est l&rsquo;un des principaux prestataires de services de conseil informatique et de d\u00e9veloppement de logiciel sur mesure adapt\u00e9 aux besoins de nos clients. Depuis 2007, la soci\u00e9t\u00e9 est pr\u00e9sente sur le march\u00e9 et compte plus de 50 clients dans le monde entier, dont des entreprises telles que Volvo, QIWI, EMS Poste Russie, Alpha Bank, [&hellip;]<\/p>\n","protected":false},"author":1,"featured_media":0,"parent":0,"menu_order":1,"comment_status":"closed","ping_status":"closed","template":"page-templates\/one-page.php","meta":[],"_links":{"self":[{"href":"https:\/\/www.rozumsoft.com\/fr\/wp-json\/wp\/v2\/pages\/13"}],"collection":[{"href":"https:\/\/www.rozumsoft.com\/fr\/wp-json\/wp\/v2\/pages"}],"about":[{"href":"https:\/\/www.rozumsoft.com\/fr\/wp-json\/wp\/v2\/types\/page"}],"author":[{"embeddable":true,"href":"https:\/\/www.rozumsoft.com\/fr\/wp-json\/wp\/v2\/users\/1"}],"replies":[{"embeddable":true,"href":"https:\/\/www.rozumsoft.com\/fr\/wp-json\/wp\/v2\/comments?post=13"}],"version-history":[{"count":21,"href":"https:\/\/www.rozumsoft.com\/fr\/wp-json\/wp\/v2\/pages\/13\/revisions"}],"predecessor-version":[{"id":595,"href":"https:\/\/www.rozumsoft.com\/fr\/wp-json\/wp\/v2\/pages\/13\/revisions\/595"}],"wp:attachment":[{"href":"https:\/\/www.rozumsoft.com\/fr\/wp-json\/wp\/v2\/media?parent=13"}],"curies":[{"name":"wp","href":"https:\/\/api.w.org\/{rel}","templated":true}]}}